{"id":312,"date":"2024-06-27T08:56:39","date_gmt":"2024-06-27T08:56:39","guid":{"rendered":"https:\/\/ulca.si\/?page_id=312"},"modified":"2026-02-26T13:49:41","modified_gmt":"2026-02-26T13:49:41","slug":"redne-aktivnosti","status":"publish","type":"page","link":"https:\/\/ulca.si\/en\/redne-aktivnosti\/","title":{"rendered":"Activities"},"content":{"rendered":"<div class=\"wp-block-group is-vertical is-layout-flex wp-container-core-group-is-layout-8cf370e7 wp-block-group-is-layout-flex\">\n<h3 class=\"wp-block-heading\" id=\"odprta-ulca\">Open ULCA<\/h3>\n\n\n\n<p>During Open ULCA, there is a ping pong table, table football, or you can just hang out, listen to music, charge your phone, read, do homework... and the youth workers present are available for conversation, help or company. Open ULCA is not only a place for activities, but also a pleasant environment for connecting with peers and creating new friendships.<\/p>\n\n\n\n<p class=\"has-vivid-purple-color has-text-color has-link-color wp-elements-5b5e2fe3504f8419b9ef79ee68c554da\">KDAJ? Vsak torek in \u010detrtek 12.00-15.00<\/p>\n\n\n\n<hr class=\"wp-block-separator has-alpha-channel-opacity\"\/>\n<\/div>\n\n\n\n<hr class=\"wp-block-separator has-alpha-channel-opacity\"\/>\n\n\n\n<div class=\"wp-block-group is-vertical is-layout-flex wp-container-core-group-is-layout-8cf370e7 wp-block-group-is-layout-flex\">\n<p><\/p>\n\n\n\n<h3 class=\"wp-block-heading\" id=\"DIY\">DIY<\/h3>\n\n\n\n<p>Do it yourself are workshops where you can express your creativity, learn new skills, e.g. sewing on a sewing machine. In the workshops, we use waste materials from which we make new things (handbags, scrotums...) or extend the life of things (we mend old worn-out pants or turn them into something useful).<\/p>\n\n\n\n<p>Sewing, hemming, patching, as well as embroidery, knitting and crocheting. Got an idea? Come and tell!<\/p>\n\n\n\n<p class=\"has-vivid-purple-color has-text-color has-link-color wp-elements-f2c6d70a7c26a301040a5f7d29c0ae43\">KDAJ? Vsak drugi torek 15.00-18.00<\/p>\n<\/div>\n\n\n\n<hr class=\"wp-block-separator has-alpha-channel-opacity\"\/>\n\n\n\n<div class=\"wp-block-group is-vertical is-layout-flex wp-container-core-group-is-layout-8cf370e7 wp-block-group-is-layout-flex\">\n<p><\/p>\n\n\n\n<h3 class=\"wp-block-heading\" id=\"Break-tecaji\">Breaking classes<\/h3>\n\n\n\n<p>At Break classes we learn from locally, nationally and internationally renowned dancers from association GOR. In addition, we participate in break events both at home and abroad. The course is open to everyone from the age of 15, no previous dance knowledge is required. Join us and discover your dancing potential!<\/p>\n\n\n\n<p class=\"has-vivid-purple-color has-text-color has-link-color wp-elements-9e77068421b1845fa6192825f8fdcafa\">KDAJ? \u00a0Ob ponedeljkih 18.00-19.00 od aprila naprej. Za ve\u010d info nam pi\u0161i na mail, IG ali pokli\u010di.<\/p>\n\n\n\n<hr class=\"wp-block-separator has-alpha-channel-opacity\"\/>\n<\/div>\n\n\n\n<hr class=\"wp-block-separator has-alpha-channel-opacity\"\/>\n\n\n\n<div class=\"wp-block-group is-vertical is-layout-flex wp-container-core-group-is-layout-8cf370e7 wp-block-group-is-layout-flex\">\n<p><\/p>\n\n\n\n<h3 class=\"wp-block-heading\" id=\"open-ses\">Dance open session<\/h3>\n\n\n\n<p>Dancers of various styles, such as hip hop, breaking, locking, popping, house, and other individuals who express themselves through movement, gather at the dance open sessions. At our regular meetings we practice, improve our dance steps, share knowledge and have fun together. ULCA is a place where you can improve your dancing skills, meet new friends and express your artistic side!<\/p>\n\n\n\n<p class=\"has-vivid-purple-color has-text-color has-link-color wp-elements-29fd7352185f8755f9a0678f5ab12b86\">KDAJ? Vsak torek in \u010detrtek 18.00-20.00 razen v \u010dasu \u0161olskih po\u010ditnic. Za ve\u010d info nam pi\u0161i na mail, IG ali pokli\u010di.<\/p>\n<\/div>\n\n\n\n<hr class=\"wp-block-separator has-alpha-channel-opacity\"\/>\n\n\n\n<div class=\"wp-block-group is-vertical is-layout-flex wp-container-core-group-is-layout-8cf370e7 wp-block-group-is-layout-flex\">\n<p><\/p>\n\n\n\n<h3 class=\"wp-block-heading\" id=\"Avtonomna-uporaba\">Autonomous use<\/h3>\n\n\n\n<p>Do you need a place for rehearsals, training, meetings, events? Are you a creator, artist, activist, environmentalist...? Are you part of a team of young people who want to make a difference? Send us a DM on Instagram, call the ULCA phone number +38664 188 214 or write to us at info@ulca.si and arrange for free use of the youth center!<\/p>\n\n\n\n<p class=\"has-vivid-purple-color has-text-color has-link-color wp-elements-c6cce135aa00a9c01cb73e569af909fd\">KDAJ? Po dogovoru. Za ve\u010d info nam pi\u0161i na mail, IG ali pokli\u010di.<\/p>\n<\/div>\n\n\n\n<hr class=\"wp-block-separator has-alpha-channel-opacity\"\/>\n\n\n\n<div class=\"wp-block-group is-vertical is-layout-flex wp-container-core-group-is-layout-8cf370e7 wp-block-group-is-layout-flex\">\n<p><\/p>\n\n\n\n<h3 class=\"wp-block-heading\" id=\"Podpora\">Support<\/h3>\n\n\n\n<p>Youth workers at ULCA offer support to young people who express an interest in dealing with various situations. Individual support is available by appointment, just ask the youth worker (via ULCA phone, email, IG or FB). Confidential conversations are aimed at resolving dilemmas and situations, support in applying for tenders, establishing societies, institutes (...), organizing workshops, preparing for volunteer activities abroad, structuring learning and editing documentation. If you are interested in anything, ask!<\/p>\n\n\n\n<p class=\"has-vivid-purple-color has-text-color has-link-color wp-elements-c6cce135aa00a9c01cb73e569af909fd\">KDAJ? Po dogovoru. Za ve\u010d info nam pi\u0161i na mail, IG ali pokli\u010di.<\/p>\n\n\n\n<hr class=\"wp-block-separator has-alpha-channel-opacity\"\/>\n<\/div>\n\n\n\n<hr class=\"wp-block-separator has-alpha-channel-opacity\"\/>\n\n\n\n<div id=\"sketch-sessions\" class=\"wp-block-group is-vertical is-layout-flex wp-container-core-group-is-layout-8cf370e7 wp-block-group-is-layout-flex\">\n<p><\/p>\n\n\n\n<h3 class=\"wp-block-heading\" id=\"Podpora\">Sketch sessions<\/h3>\n\n\n\n<p>\u010ce te zanima uli\u010dna umetnost in grafitarska subkultura se pridi podru\u017eiti in spoznat \u0161e ostale writerje na sceni. Tekom sre\u010danj bomo ustvarili izdelke, ki jih bo mogo\u010de videti na razstavi v za\u010detku decembra.<\/p>\n\n\n\n<p>Delavnice so primerne za vse, tudi \u010diste za\u010detnike in tiste z nekaj izku\u0161njami. Pod mentrostvom se bomo u\u010dili osnov taganja, throw-upov, strukturo \u010drk in skillov s spreji v obliki graffiti jama na zidu namenjenem grafitiranju.<\/p>\n\n\n\n<p>Prijave niso potrebne, sam ulet.<\/p>\n\n\n\n<p class=\"has-vivid-purple-color has-text-color has-link-color wp-elements-6f4489d1c761bb10105052520f81a69d\">KDAJ? \u010cetrtki 16.30-19.00.<\/p>\n\n\n\n<hr class=\"wp-block-separator has-alpha-channel-opacity\"\/>\n<\/div>\n\n\n\n<figure class=\"wp-block-image size-large\"><img decoding=\"async\" width=\"1024\" height=\"768\" src=\"https:\/\/ulca.si\/wp-content\/uploads\/2025\/10\/ulca2-1024x768.png\" alt=\"\" class=\"wp-image-990\" srcset=\"https:\/\/ulca.si\/wp-content\/uploads\/2025\/10\/ulca2-1024x768.png 1024w, https:\/\/ulca.si\/wp-content\/uploads\/2025\/10\/ulca2-300x225.png 300w, https:\/\/ulca.si\/wp-content\/uploads\/2025\/10\/ulca2-768x576.png 768w, https:\/\/ulca.si\/wp-content\/uploads\/2025\/10\/ulca2-1536x1152.png 1536w, https:\/\/ulca.si\/wp-content\/uploads\/2025\/10\/ulca2-16x12.png 16w, https:\/\/ulca.si\/wp-content\/uploads\/2025\/10\/ulca2-285x214.png 285w, https:\/\/ulca.si\/wp-content\/uploads\/2025\/10\/ulca2-24x18.png 24w, https:\/\/ulca.si\/wp-content\/uploads\/2025\/10\/ulca2-36x27.png 36w, https:\/\/ulca.si\/wp-content\/uploads\/2025\/10\/ulca2-48x36.png 48w, https:\/\/ulca.si\/wp-content\/uploads\/2025\/10\/ulca2.png 1890w\" sizes=\"(max-width: 1024px) 100vw, 1024px\" \/><\/figure>\n\n\n\n<hr class=\"wp-block-separator has-alpha-channel-opacity\"\/>\n\n\n\n<div id=\"wonton-girls\" class=\"wp-block-group is-vertical is-layout-flex wp-container-core-group-is-layout-8cf370e7 wp-block-group-is-layout-flex\">\n<h3 class=\"wp-block-heading\" id=\"T+kolektiv\">Wonton Girls<\/h3>\n\n\n\n<p>Smo kolektiv, ki se navdu\u0161uje nad t.i. Chorus Girls oz. zborovskimi dekleti iz sveta gledali\u0161\u010da in filma. S petjem, plesom, burlesko in drugimi maloodrskimi umetnostmi sestavljamo razli\u010dne kabarejske ter varietejske to\u010dke in predstave. V svoje vsebine vklju\u010dujemo aktualne dru\u017ebene teme in spodbujamo relevantne dru\u017ebene teme.<\/p>\n\n\n\n<p>Od maja 2024 smo nastopale na razli\u010dnih odrih po Ljubljani &#8211; v gledali\u0161\u010du Black Box Studio,<br>baru Prul\u010dek, klubu Gromka, Orto Baru, baru Pritli\u010dje, gledali\u0161\u010du \u0160panski borci in nekajkrat na privat dogodkih v Sloveniji in tujini. Ob\u010dasno sprejemamo nove \u010dlane_ice, kot smo to naredile za to\u010dko Wonton Ma\u017eoretke, ki jo trenutno pripravljamo za uprizoritev na festivalih Pride in Floating Castle (Plavajo\u010di grad) 2025.<\/p>\n\n\n\n<p>Ve\u010d lahko vidite in sli\u0161ite na na\u0161emu Instagram profilu @wonton_girls. Kontakt: varietewonton@gmail.com<\/p>\n\n\n\n<p class=\"has-vivid-purple-color has-text-color has-link-color wp-elements-3fe88667f50c0ea5a091ae68c6d75cb7\">WHEN? By agreement.<\/p>\n\n\n\n<figure class=\"wp-block-gallery has-nested-images columns-default is-cropped wp-block-gallery-1 is-layout-flex wp-block-gallery-is-layout-flex\">\n<figure class=\"wp-block-image size-large\"><img decoding=\"async\" width=\"1024\" height=\"684\" data-id=\"966\" src=\"https:\/\/ulca.si\/wp-content\/uploads\/2025\/06\/Wt_020-Marja-Kovanda-1024x684.jpg\" alt=\"\" class=\"wp-image-966\" srcset=\"https:\/\/ulca.si\/wp-content\/uploads\/2025\/06\/Wt_020-Marja-Kovanda-1024x684.jpg 1024w, https:\/\/ulca.si\/wp-content\/uploads\/2025\/06\/Wt_020-Marja-Kovanda-300x200.jpg 300w, https:\/\/ulca.si\/wp-content\/uploads\/2025\/06\/Wt_020-Marja-Kovanda-768x513.jpg 768w, https:\/\/ulca.si\/wp-content\/uploads\/2025\/06\/Wt_020-Marja-Kovanda-1536x1026.jpg 1536w, https:\/\/ulca.si\/wp-content\/uploads\/2025\/06\/Wt_020-Marja-Kovanda-18x12.jpg 18w, https:\/\/ulca.si\/wp-content\/uploads\/2025\/06\/Wt_020-Marja-Kovanda-750x500.jpg 750w, https:\/\/ulca.si\/wp-content\/uploads\/2025\/06\/Wt_020-Marja-Kovanda-24x16.jpg 24w, https:\/\/ulca.si\/wp-content\/uploads\/2025\/06\/Wt_020-Marja-Kovanda-36x24.jpg 36w, https:\/\/ulca.si\/wp-content\/uploads\/2025\/06\/Wt_020-Marja-Kovanda-48x32.jpg 48w, https:\/\/ulca.si\/wp-content\/uploads\/2025\/06\/Wt_020-Marja-Kovanda.jpg 1920w\" sizes=\"(max-width: 1024px) 100vw, 1024px\" \/><\/figure>\n\n\n\n<figure class=\"wp-block-image size-large\"><img decoding=\"async\" width=\"1024\" height=\"684\" data-id=\"967\" src=\"https:\/\/ulca.si\/wp-content\/uploads\/2025\/06\/HWD_009-Marja-Kovanda-1024x684.jpg\" alt=\"\" class=\"wp-image-967\" srcset=\"https:\/\/ulca.si\/wp-content\/uploads\/2025\/06\/HWD_009-Marja-Kovanda-1024x684.jpg 1024w, https:\/\/ulca.si\/wp-content\/uploads\/2025\/06\/HWD_009-Marja-Kovanda-300x200.jpg 300w, https:\/\/ulca.si\/wp-content\/uploads\/2025\/06\/HWD_009-Marja-Kovanda-768x513.jpg 768w, https:\/\/ulca.si\/wp-content\/uploads\/2025\/06\/HWD_009-Marja-Kovanda-1536x1026.jpg 1536w, https:\/\/ulca.si\/wp-content\/uploads\/2025\/06\/HWD_009-Marja-Kovanda-18x12.jpg 18w, https:\/\/ulca.si\/wp-content\/uploads\/2025\/06\/HWD_009-Marja-Kovanda-750x500.jpg 750w, https:\/\/ulca.si\/wp-content\/uploads\/2025\/06\/HWD_009-Marja-Kovanda-24x16.jpg 24w, https:\/\/ulca.si\/wp-content\/uploads\/2025\/06\/HWD_009-Marja-Kovanda-36x24.jpg 36w, https:\/\/ulca.si\/wp-content\/uploads\/2025\/06\/HWD_009-Marja-Kovanda-48x32.jpg 48w, https:\/\/ulca.si\/wp-content\/uploads\/2025\/06\/HWD_009-Marja-Kovanda.jpg 1920w\" sizes=\"(max-width: 1024px) 100vw, 1024px\" \/><\/figure>\n\n\n\n<figure class=\"wp-block-image size-large\"><img decoding=\"async\" width=\"1024\" height=\"684\" data-id=\"968\" src=\"https:\/\/ulca.si\/wp-content\/uploads\/2025\/06\/13_009-Marja-Kovanda-1024x684.jpg\" alt=\"\" class=\"wp-image-968\" srcset=\"https:\/\/ulca.si\/wp-content\/uploads\/2025\/06\/13_009-Marja-Kovanda-1024x684.jpg 1024w, https:\/\/ulca.si\/wp-content\/uploads\/2025\/06\/13_009-Marja-Kovanda-300x200.jpg 300w, https:\/\/ulca.si\/wp-content\/uploads\/2025\/06\/13_009-Marja-Kovanda-768x513.jpg 768w, https:\/\/ulca.si\/wp-content\/uploads\/2025\/06\/13_009-Marja-Kovanda-1536x1026.jpg 1536w, https:\/\/ulca.si\/wp-content\/uploads\/2025\/06\/13_009-Marja-Kovanda-18x12.jpg 18w, https:\/\/ulca.si\/wp-content\/uploads\/2025\/06\/13_009-Marja-Kovanda-750x500.jpg 750w, https:\/\/ulca.si\/wp-content\/uploads\/2025\/06\/13_009-Marja-Kovanda-24x16.jpg 24w, https:\/\/ulca.si\/wp-content\/uploads\/2025\/06\/13_009-Marja-Kovanda-36x24.jpg 36w, https:\/\/ulca.si\/wp-content\/uploads\/2025\/06\/13_009-Marja-Kovanda-48x32.jpg 48w, https:\/\/ulca.si\/wp-content\/uploads\/2025\/06\/13_009-Marja-Kovanda.jpg 1920w\" sizes=\"(max-width: 1024px) 100vw, 1024px\" \/><\/figure>\n<\/figure>\n<\/div>\n\n\n\n<hr class=\"wp-block-separator has-alpha-channel-opacity\"\/>\n\n\n\n<div class=\"wp-block-group\"><div class=\"wp-block-group__inner-container is-layout-constrained wp-block-group-is-layout-constrained\">\n<p><\/p>\n<\/div><\/div>","protected":false},"excerpt":{"rendered":"<p>Odprta ULCA V \u010dasu Odprte ULCE je na voljo ping pong miza, namizni nogomet, lahko pa samo henga\u0161, poslu\u0161a\u0161 glasbo, polni\u0161 telefon, bere\u0161, dela\u0161 nalogo \u2026 prisotne mladinske delavke pa so na voljo za pogovor, pomo\u010d ali dru\u017ebo. Odprta ULCA ni samo prostor za aktivnosti, ampak tudi prijetno okolje za povezovanje s sovrstniki in ustvarjanje <a href=\"https:\/\/ulca.si\/en\/redne-aktivnosti\/\" rel=\"nofollow\"><span class=\"sr-only\">Read more about Aktivnosti<\/span>[&hellip;]<\/a><\/p>\n","protected":false},"author":5,"featured_media":0,"parent":0,"menu_order":0,"comment_status":"closed","ping_status":"closed","template":"template-fullwidth.php","meta":{"footnotes":""},"class_list":["post-312","page","type-page","status-publish","hentry"],"_links":{"self":[{"href":"https:\/\/ulca.si\/en\/wp-json\/wp\/v2\/pages\/312","targetHints":{"allow":["GET"]}}],"collection":[{"href":"https:\/\/ulca.si\/en\/wp-json\/wp\/v2\/pages"}],"about":[{"href":"https:\/\/ulca.si\/en\/wp-json\/wp\/v2\/types\/page"}],"author":[{"embeddable":true,"href":"https:\/\/ulca.si\/en\/wp-json\/wp\/v2\/users\/5"}],"replies":[{"embeddable":true,"href":"https:\/\/ulca.si\/en\/wp-json\/wp\/v2\/comments?post=312"}],"version-history":[{"count":34,"href":"https:\/\/ulca.si\/en\/wp-json\/wp\/v2\/pages\/312\/revisions"}],"predecessor-version":[{"id":1004,"href":"https:\/\/ulca.si\/en\/wp-json\/wp\/v2\/pages\/312\/revisions\/1004"}],"wp:attachment":[{"href":"https:\/\/ulca.si\/en\/wp-json\/wp\/v2\/media?parent=312"}],"curies":[{"name":"wp","href":"https:\/\/api.w.org\/{rel}","templated":true}]}}